{"id":39562,"date":"2023-08-26T15:13:55","date_gmt":"2023-08-26T13:13:55","guid":{"rendered":"https:\/\/loges.fr\/assistance-opera-avant-pendant-apres-mon-sejour\/"},"modified":"2024-05-05T14:10:36","modified_gmt":"2024-05-05T12:10:36","slug":"assistance-opera-avant-pendant-apres-mon-sejour","status":"publish","type":"page","link":"https:\/\/loges.fr\/en\/assistance-opera-avant-pendant-apres-mon-sejour\/","title":{"rendered":"Assistance Opera avant pendant apres mon sejour"},"content":{"rendered":"<p>[et_pb_section fb_built=&#8221;1&#8243; _builder_version=&#8221;4.21.0&#8243; _module_preset=&#8221;default&#8221; locked=&#8221;off&#8221; global_colors_info=&#8221;{}&#8221;][et_pb_row column_structure=&#8221;1_3,1_3,1_3&#8243; _builder_version=&#8221;4.21.0&#8243; _module_preset=&#8221;default&#8221; global_colors_info=&#8221;{}&#8221;][et_pb_column type=&#8221;1_3&#8243; _builder_version=&#8221;4.21.0&#8243; _module_preset=&#8221;default&#8221; global_colors_info=&#8221;{}&#8221;][et_pb_accordion _builder_version=&#8221;4.25.0&#8243; _module_preset=&#8221;default&#8221; hover_enabled=&#8221;0&#8243; global_colors_info=&#8221;{}&#8221; sticky_enabled=&#8221;0&#8243;][et_pb_accordion_item title=&#8221;BEFORE MY ARRIVAL&#8221; open=&#8221;off&#8221; open_toggle_text_color=&#8221;#f7c100&#8243; closed_toggle_text_color=&#8221;#f7c100&#8243; _builder_version=&#8221;4.21.0&#8243; _module_preset=&#8221;default&#8221; background_color=&#8221;#000000&#8243; background_enable_color=&#8221;on&#8221; global_colors_info=&#8221;{}&#8221; toggle_text_color=&#8221;#f7c100&#8243;][\/et_pb_accordion_item][et_pb_accordion_item title=&#8221;How to book a room?&#8221; _builder_version=&#8221;4.21.0&#8243; _module_preset=&#8221;default&#8221; hover_enabled=&#8221;0&#8243; global_colors_info=&#8221;{}&#8221; open=&#8221;off&#8221; sticky_enabled=&#8221;0&#8243;]<\/p>\n<p>For any reservation, please go to www.loges.fr<\/p>\n<p>[\/et_pb_accordion_item][et_pb_accordion_item title=&#8221;Booking payment&#8221; _builder_version=&#8221;4.21.0&#8243; _module_preset=&#8221;default&#8221; global_colors_info=&#8221;{}&#8221; open=&#8221;off&#8221;]<\/p>\n<p>Payment will be automatically debited 5 days before your arrival from the credit card provided at the time of booking.<\/p>\n<p>In case of payment failure, an email will be sent to you to update your bank details.<\/p>\n<p>[\/et_pb_accordion_item][et_pb_accordion_item title=&#8221;Cancellation&#8221; _builder_version=&#8221;4.25.0&#8243; _module_preset=&#8221;default&#8221; hover_enabled=&#8221;0&#8243; global_colors_info=&#8221;{}&#8221; open=&#8221;off&#8221; sticky_enabled=&#8221;0&#8243;]<\/p>\n<p>L&#8217;annulation de votre r\u00e9servation est possible sans aucun frais jusqu&#8217;\u00e0 5 jours avant la date pr\u00e9vue de votre s\u00e9jour. Nous comprenons que vos plans peuvent changer et nous nous effor\u00e7ons de vous offrir la flexibilit\u00e9 n\u00e9cessaire.<\/p>\n<p>[\/et_pb_accordion_item][et_pb_accordion_item title=&#8221;Group quote and corporate rates&#8221; _builder_version=&#8221;4.21.0&#8243; _module_preset=&#8221;default&#8221; global_colors_info=&#8221;{}&#8221; open=&#8221;off&#8221;]<\/p>\n<p>Please send your request by email to the following address: contact@loges.fr<\/p>\n<p>We will respond to you within 48 hours maximum.<\/p>\n<p>[\/et_pb_accordion_item][et_pb_accordion_item title=&#8221;Check-In&#8221; _builder_version=&#8221;4.25.0&#8243; _module_preset=&#8221;default&#8221; hover_enabled=&#8221;0&#8243; global_colors_info=&#8221;{}&#8221; open=&#8221;off&#8221; sticky_enabled=&#8221;0&#8243;]<\/p>\n<p>Check-in is scheduled for 3:00 PM.<\/p>\n<p>However, if you need to settle in earlier, you can request an early check-in by calling us at +33 6 44 05 71 84 or emailing us at <a target=\"_new\" rel=\"noreferrer noopener\">contact@loges.fr<\/a>. We will do our best to accommodate your request based on our availability.<\/p>\n<p>[\/et_pb_accordion_item][et_pb_accordion_item title=&#8221;Can I drop off my luggage before check-in time?&#8221; _builder_version=&#8221;4.25.0&#8243; _module_preset=&#8221;default&#8221; hover_enabled=&#8221;0&#8243; global_colors_info=&#8221;{}&#8221; open=&#8221;off&#8221; sticky_enabled=&#8221;0&#8243;]<\/p>\n<p>If you plan to arrive early and wish to drop off your luggage before the check-in time, please call us the day before your arrival so that we can arrange to welcome you accordingly.<\/p>\n<p>[\/et_pb_accordion_item][et_pb_accordion_item title=&#8221;How to access my Loge?&#8221; _builder_version=&#8221;4.25.0&#8243; _module_preset=&#8221;default&#8221; hover_enabled=&#8221;0&#8243; global_colors_info=&#8221;{}&#8221; open=&#8221;off&#8221; sticky_enabled=&#8221;0&#8243;]<\/p>\n<ol>\n<li>To access your Lodge, you&#8217;ll first need to open the black gate using the keypad fixed on the Left Pillar.<\/li>\n<li>On the keypad, press &#8220;B,&#8221; located at the bottom right of &#8220;9&#8221;. Then enter the code you received by email.<\/li>\n<li>Once the gate is open, enter and immediately after the mailboxes, turn right.<\/li>\n<li>You&#8217;ve arrived. The number of the Lodge is on each door.<\/li>\n<li>You will also find a gray box attached to the door containing your key<\/li>\n<li>Enter the &#8220;ACCESS CODE&#8221; received by email\/SMS and simply press the side buttons to open the box and take your key.<\/li>\n<\/ol>\n<p>[\/et_pb_accordion_item][et_pb_accordion_item title=&#8221;When will I receive my access codes?&#8221; _builder_version=&#8221;4.21.0&#8243; _module_preset=&#8221;default&#8221; global_colors_info=&#8221;{}&#8221; open=&#8221;on&#8221;]<\/p>\n<p>Access codes will be sent to you by email 24 hours before your arrival, as well as on the day of your arrival.<\/p>\n<p>The access code email is typically sent between 3:00 PM and 5:00 PM.<\/p>\n<p>You will receive a first code that will open the main door of the building, and then a second code to retrieve your key from the key box attached to the door of your Lodge.<\/p>\n<p>ATTENTION: Access codes will be sent only if your reservation has been paid.<\/p>\n<p>If you have not received the access codes, please check that the reservation has been paid and that you have not received a payment reminder in your emails.<\/p>\n<p>Also, remember to check your spam folder.<\/p>\n<p>[\/et_pb_accordion_item][et_pb_accordion_item title=&#8221;Parking&#8221; _builder_version=&#8221;4.21.0&#8243; _module_preset=&#8221;default&#8221; link_option_url=&#8221;https:\/\/parking.lpa.fr\/parkings\/saint-georges\/&#8221; global_colors_info=&#8221;{}&#8221; open=&#8221;off&#8221;]<\/p>\n<p>Here&#8217;s the gmaps adress of the closest parking from your loge (150m within walking distance) :<br \/>Parking LPA &#8211; H\u00f4tel de Ville<br \/>04 78 39 75 85<br \/><a href=\"https:\/\/maps.app.goo.gl\/eZRZmCKRyw7MS6488\" target=\"_blank\" rel=\"nofollow noopener\">https:\/\/maps.app.goo.gl\/eZRZmCKRyw7MS6488<\/a><\/p>\n<p>And here&#8217;s the parking website to make a reservation or seek any other informations :<br \/><a href=\"https:\/\/parking.lpa.fr\/point-interet\/hotel-de-ville\/\" target=\"_blank\" rel=\"nofollow noopener\">https:\/\/parking.lpa.fr\/point-interet\/hotel-de-ville\/<\/a><\/p>\n<p><strong>Attention:<\/strong> the height limit of this car park is 1.90m.<br \/>For larger vehicles:<br \/>&#8211; LPA Saint Antoine (1 quai Saint Antoine) height limited to 2.05mRegards, <\/p>\n<p>Les loges de Lyon.<\/p>\n<p>[\/et_pb_accordion_item][et_pb_accordion_item title=&#8221;Book a taxi&#8221; _builder_version=&#8221;4.25.0&#8243; _module_preset=&#8221;default&#8221; hover_enabled=&#8221;0&#8243; global_colors_info=&#8221;{}&#8221; open=&#8221;off&#8221; sticky_enabled=&#8221;0&#8243;]<\/p>\n<p>For any transportation requests, you can contact our partner &#8220;Les Drivers airport&#8221; at the following numbers: +33 6 62 42 66 65 or +33 4 69 96 60 80.<\/p>\n<p>[\/et_pb_accordion_item][et_pb_accordion_item title=&#8221;Conditions of sale&#8221; _builder_version=&#8221;4.25.0&#8243; _module_preset=&#8221;default&#8221; hover_enabled=&#8221;0&#8243; global_colors_info=&#8221;{}&#8221; open=&#8221;off&#8221; sticky_enabled=&#8221;0&#8243;]<\/p>\n<p>By making a reservation with us, you acknowledge that you have read and agree to abide by our General Terms and Conditions of Sale without reservation.<\/p>\n<p>You can find our General Terms and Conditions of Sale here:<\/p>\n<p><a href=\"https:\/\/loges.fr\/wp-content\/uploads\/CGV-Les-Loges.pdf\" rel=\"attachment wp-att-40171\">CGV Les Loges<\/a><\/p>\n<p>[\/et_pb_accordion_item][\/et_pb_accordion][\/et_pb_column][et_pb_column type=&#8221;1_3&#8243; _builder_version=&#8221;4.21.0&#8243; _module_preset=&#8221;default&#8221; global_colors_info=&#8221;{}&#8221;][et_pb_accordion _builder_version=&#8221;4.25.0&#8243; _module_preset=&#8221;default&#8221; hover_enabled=&#8221;0&#8243; global_colors_info=&#8221;{}&#8221; sticky_enabled=&#8221;0&#8243;][et_pb_accordion_item title=&#8221;DURING MY STAY&#8221; open=&#8221;off&#8221; open_toggle_text_color=&#8221;#f7c100&#8243; closed_toggle_text_color=&#8221;#f7c100&#8243; _builder_version=&#8221;4.21.0&#8243; _module_preset=&#8221;default&#8221; background_color=&#8221;#000000&#8243; background_enable_color=&#8221;on&#8221; global_colors_info=&#8221;{}&#8221; toggle_text_color=&#8221;#f7c100&#8243;][\/et_pb_accordion_item][et_pb_accordion_item title=&#8221;Breakfast&#8221; _builder_version=&#8221;4.21.0&#8243; _module_preset=&#8221;default&#8221; global_colors_info=&#8221;{}&#8221; open=&#8221;off&#8221;]<\/p>\n<p>A hearty breakfast is provided for you in your Lodge.<\/p>\n<p>It includes:<\/p>\n<p>*In your fridge: apple juice, orange juice, milk, jams, butter, oranges, yogurts, cheeses&#8230; *In your freezer: croissants, pain au chocolat, and bread to bake in the oven of your Lodge. *Coffee, tea, Nutella, honey, cocoa powder, madeleines are also available for your enjoyment.<\/p>\n<p>[\/et_pb_accordion_item][et_pb_accordion_item title=&#8221;WIFI&#8221; _builder_version=&#8221;4.25.0&#8243; _module_preset=&#8221;default&#8221; hover_enabled=&#8221;0&#8243; global_colors_info=&#8221;{}&#8221; open=&#8221;off&#8221; sticky_enabled=&#8221;0&#8243;]<\/p>\n<p>nce in your Lodge, you have access to an open network, without a password: Guest Loge.<\/p>\n<p>You will also find all the instructions to connect to the WiFi in a booklet located in your Lodge.<\/p>\n<p>[\/et_pb_accordion_item][et_pb_accordion_item title=&#8221;Watch TV&#8221; _builder_version=&#8221;4.22.1&#8243; _module_preset=&#8221;default&#8221; global_colors_info=&#8221;{}&#8221; open=&#8221;off&#8221;]<\/p>\n<p>Near the TV, you&#8217;ll find instructions fixed to the wall.<\/p>\n<p>To watch TV, simply select MOLOTOV TV and click on &#8220;Live&#8221;.<\/p>\n<p>We also provide access to NETFLIX, DISNEY+, and PRIME VIDEO.<\/p>\n<p>[\/et_pb_accordion_item][et_pb_accordion_item title=&#8221;The equipment of my Lodge&#8221; _builder_version=&#8221;4.21.0&#8243; _module_preset=&#8221;default&#8221; global_colors_info=&#8221;{}&#8221; open=&#8221;on&#8221;]<\/p>\n<p>We are delighted to inform you that your room is fully equipped to meet all your needs, ensuring a comfortable and hassle-free stay from the moment you arrive.<\/p>\n<p>Bed linens and towels, robot vacuum cleaner, washer-dryer machine, coffee maker and kettle, dishwasher, steamer, cleaning products, and many more are provided for your convenience.<\/p>\n<p>Your Lodge also features heating for the winter and a mobile air conditioner for the summer.<\/p>\n<p>If you require, we can also provide a baby cot and all its essentials.<\/p>\n<p>[\/et_pb_accordion_item][et_pb_accordion_item title=&#8221;Theft and damages&#8221; _builder_version=&#8221;4.25.0&#8243; _module_preset=&#8221;default&#8221; hover_enabled=&#8221;0&#8243; global_colors_info=&#8221;{}&#8221; open=&#8221;on&#8221; sticky_enabled=&#8221;0&#8243;]<\/p>\n<p>Pursuant to the provisions of Articles 1240 and 1241, as well as Articles 1952 to 1954 of the Civil Code, it is stipulated that in cases of theft or damage, the host reserves the right to claim damages from their Client. The monetary compensation granted to the traveler is limited to an amount not exceeding the daily rental cost of the room.<\/p>\n<p>[\/et_pb_accordion_item][et_pb_accordion_item title=&#8221;Internal Regulations&#8221; _builder_version=&#8221;4.25.0&#8243; _module_preset=&#8221;default&#8221; hover_enabled=&#8221;0&#8243; global_colors_info=&#8221;{}&#8221; open=&#8221;on&#8221; sticky_enabled=&#8221;0&#8243;]<\/p>\n<p>We remind our guests that once within the premises, it is imperative to comply with the internal regulations for the well-being and safety of all.<\/p>\n<p>You can find our Internal Regulations here: <a href=\"https:\/\/loges.fr\/wp-content\/uploads\/Reglement-interieur-Les-Loges.pdf\" rel=\"attachment wp-att-40175\">Re\u0300glement inte\u0301rieur Les Loges<\/a><\/p>\n<p>[\/et_pb_accordion_item][et_pb_accordion_item title=&#8221;Restaurant ideas&#8221; _builder_version=&#8221;4.21.0&#8243; _module_preset=&#8221;default&#8221; global_colors_info=&#8221;{}&#8221; open=&#8221;off&#8221;]<\/p>\n<p>You will find many restaurants near your lodge, especially in rue du Garet, rue du Bat d&#8217;argent or rue de l&#8217;arbre sec.<\/p>\n<p>We can particularly recommend these 5 restaurants:<br \/>&#8211; &#8220;Au petit bouchon chez Georges&#8221;: 8 rue du Garet, 69001, Lyon (friendly Lyonnais Bouchon in a rustic setting offering typical Lyon dishes)<br \/>&#8211; &#8220;Chez Hugon&#8221;: 12 rue Pizay, 69001, Lyon (Regional specialties on checkered tablecloths in this Lyon family institution since 1937.)<br \/>&#8211; &#8220;Brasserie Bouillon Baratte&#8221;: 25 rue du bat d&#8217;argent, 69001, Lyon (real Parisian broth, simple and friendly, open from noon to midnight)<br \/>&#8211; L\u00e9on de Lyon: 1 rue Pleney, 69001, Lyon (a real institution in Lyon, a great chef from Lyon, typical and gourmet cuisine)<br \/>&#8211; &#8220;Brasserie Le Nord&#8221;: 18 rue Neuve, 69001, Lyon (One of the famous brasseries of the great chef Paul Bocuse, woodwork, veranda and Lyonnais dishes revisited in a warm 1900 style.)<\/p>\n<p>[\/et_pb_accordion_item][\/et_pb_accordion][\/et_pb_column][et_pb_column type=&#8221;1_3&#8243; _builder_version=&#8221;4.21.0&#8243; _module_preset=&#8221;default&#8221; global_colors_info=&#8221;{}&#8221;][et_pb_accordion _builder_version=&#8221;4.25.0&#8243; _module_preset=&#8221;default&#8221; hover_enabled=&#8221;0&#8243; global_colors_info=&#8221;{}&#8221; sticky_enabled=&#8221;0&#8243;][et_pb_accordion_item title=&#8221;AFTER MY STAY&#8221; open=&#8221;off&#8221; open_toggle_text_color=&#8221;#f7c100&#8243; _builder_version=&#8221;4.21.0&#8243; _module_preset=&#8221;default&#8221; background_color=&#8221;#000000&#8243; background_enable_color=&#8221;on&#8221; global_colors_info=&#8221;{}&#8221; toggle_text_color=&#8221;#f7c100&#8243;][\/et_pb_accordion_item][et_pb_accordion_item title=&#8221;Check-out&#8221; _builder_version=&#8221;4.25.0&#8243; _module_preset=&#8221;default&#8221; hover_enabled=&#8221;0&#8243; global_colors_info=&#8221;{}&#8221; open=&#8221;off&#8221; sticky_enabled=&#8221;0&#8243;]<\/p>\n<p>Check-out is scheduled for 10:00 AM.<\/p>\n<p>However, if you wish to extend your stay a little longer, feel free to request a late check-out by calling us at +33 6 44 05 71 84 or emailing us at <a target=\"_new\" rel=\"noreferrer noopener\">contact@loges.fr<\/a>. We will do our best to accommodate your request based on our availability.<\/p>\n<p>[\/et_pb_accordion_item][et_pb_accordion_item title=&#8221;Can I leave my luggage in storage for the day?&#8221; _builder_version=&#8221;4.21.0&#8243; _module_preset=&#8221;default&#8221; global_colors_info=&#8221;{}&#8221; open=&#8221;on&#8221;]<\/p>\n<p>\u00a0you plan to leave and wish to leave your luggage in the room after your check-out, please contact us the day before your departure so that we can arrange this for you appropriately.<\/p>\n<p>[\/et_pb_accordion_item][et_pb_accordion_item title=&#8221;Satisfaction&#8221; _builder_version=&#8221;4.25.0&#8243; _module_preset=&#8221;default&#8221; hover_enabled=&#8221;0&#8243; global_colors_info=&#8221;{}&#8221; open=&#8221;off&#8221; sticky_enabled=&#8221;0&#8243;]<\/p>\n<p>Your satisfaction is our priority. Please do not hesitate to send us your feedback by email, whether it&#8217;s positive or not, as it matters greatly to us.<\/p>\n<p>Additionally, we encourage you to share your experience by leaving a review on Booking. This is very important to us and helps us improve our services.<\/p>\n<p>[\/et_pb_accordion_item][et_pb_accordion_item title=&#8221;How to get an invoice?&#8221; _builder_version=&#8221;4.21.0&#8243; _module_preset=&#8221;default&#8221; global_colors_info=&#8221;{}&#8221; open=&#8221;off&#8221;]<\/p>\n<p>Please send any invoice request by email to the following address: contact@loges.fr<\/p>\n<p>[\/et_pb_accordion_item][et_pb_accordion_item title=&#8221;How to book a taxi?&#8221; _builder_version=&#8221;4.21.0&#8243; _module_preset=&#8221;default&#8221; global_colors_info=&#8221;{}&#8221; open=&#8221;off&#8221;]<\/p>\n<p>For any transportation requests, you can contact our partner &#8220;Les Drivers airport&#8221; at the following numbers: +33 6 62 42 66 65 or +33 4 69 96 60 80.<\/p>\n<p>[\/et_pb_accordion_item][\/et_pb_accordion][\/et_pb_column][\/et_pb_row][\/et_pb_section]<\/p>\n","protected":false},"excerpt":{"rendered":"<p>For any reservation, please go to www.loges.frPayment will be automatically debited 5 days before your arrival from the credit card provided at the time of booking. In case of payment failure, an email will be sent to you to update your bank details.L&#8217;annulation de votre r\u00e9servation est possible sans aucun frais jusqu&#8217;\u00e0 5 jours avant [&hellip;]<\/p>\n","protected":false},"author":4,"featured_media":0,"parent":0,"menu_order":0,"comment_status":"closed","ping_status":"closed","template":"","meta":{"_et_pb_use_builder":"on","_et_pb_old_content":"","_et_gb_content_width":"","footnotes":""},"class_list":["post-39562","page","type-page","status-publish","hentry"],"_hostinger_reach_plugin_has_subscription_block":false,"_hostinger_reach_plugin_is_elementor":false,"_links":{"self":[{"href":"https:\/\/loges.fr\/en\/wp-json\/wp\/v2\/pages\/39562","targetHints":{"allow":["GET"]}}],"collection":[{"href":"https:\/\/loges.fr\/en\/wp-json\/wp\/v2\/pages"}],"about":[{"href":"https:\/\/loges.fr\/en\/wp-json\/wp\/v2\/types\/page"}],"author":[{"embeddable":true,"href":"https:\/\/loges.fr\/en\/wp-json\/wp\/v2\/users\/4"}],"replies":[{"embeddable":true,"href":"https:\/\/loges.fr\/en\/wp-json\/wp\/v2\/comments?post=39562"}],"version-history":[{"count":0,"href":"https:\/\/loges.fr\/en\/wp-json\/wp\/v2\/pages\/39562\/revisions"}],"wp:attachment":[{"href":"https:\/\/loges.fr\/en\/wp-json\/wp\/v2\/media?parent=39562"}],"curies":[{"name":"wp","href":"https:\/\/api.w.org\/{rel}","templated":true}]}}